{"id":1447,"date":"2023-02-12T07:17:12","date_gmt":"2023-02-12T07:17:12","guid":{"rendered":"https:\/\/miaglamping.com\/?page_id=1447"},"modified":"2024-06-04T16:10:11","modified_gmt":"2024-06-04T16:10:11","slug":"indian","status":"publish","type":"page","link":"https:\/\/miaglamping.com\/et\/indian\/","title":{"rendered":"India toidu men\u00fc\u00fc"},"content":{"rendered":"<div data-elementor-type=\"wp-page\" data-elementor-id=\"1447\" class=\"elementor elementor-1447\">\n\t\t\t\t\t\t<section class=\"elementor-section elementor-top-section elementor-element elementor-element-dd18be3 elementor-section-full_width elementor-section-height-default elementor-section-height-default\" data-id=\"dd18be3\" data-element_type=\"section\" data-settings=\"{&quot;background_background&quot;:&quot;classic&quot;}\">\n\t\t\t\t\t\t<div class=\"elementor-container elementor-column-gap-default\">\n\t\t\t\t\t<div class=\"elementor-column elementor-col-100 elementor-top-column elementor-element elementor-element-b68643b\" data-id=\"b68643b\" data-element_type=\"column\" data-settings=\"{&quot;background_background&quot;:&quot;slideshow&quot;,&quot;background_slideshow_gallery&quot;:[{&quot;id&quot;:2214,&quot;url&quot;:&quot;https:\\\/\\\/miaglamping.com\\\/wp-content\\\/uploads\\\/2023\\\/10\\\/DSC09465-scaled.jpg&quot;}],&quot;background_slideshow_loop&quot;:&quot;yes&quot;,&quot;background_slideshow_slide_duration&quot;:5000,&quot;background_slideshow_slide_transition&quot;:&quot;fade&quot;,&quot;background_slideshow_transition_duration&quot;:500}\">\n\t\t\t<div class=\"elementor-widget-wrap elementor-element-populated\">\n\t\t\t\t\t\t<div class=\"elementor-element elementor-element-f6c79f5 elementor-widget elementor-widget-text-editor\" data-id=\"f6c79f5\" data-element_type=\"widget\" data-widget_type=\"text-editor.default\">\n\t\t\t\t<div class=\"elementor-widget-container\">\n\t\t\t\t\t\t\t\t\t<p style=\"text-align: center;\">India toidu men\u00fc\u00fc<\/p>\t\t\t\t\t\t\t\t<\/div>\n\t\t\t\t<\/div>\n\t\t\t\t<div class=\"elementor-element elementor-element-d608be7 elementor-align-center elementor-hidden-tablet elementor-hidden-mobile elementor-widget elementor-widget-button\" data-id=\"d608be7\" data-element_type=\"widget\" data-widget_type=\"button.default\">\n\t\t\t\t<div class=\"elementor-widget-container\">\n\t\t\t\t\t\t\t\t\t<div class=\"elementor-button-wrapper\">\n\t\t\t\t\t<a class=\"elementor-button elementor-button-link elementor-size-xs\" href=\"https:\/\/miaglamping.com\/et\/\">\n\t\t\t\t\t\t<span class=\"elementor-button-content-wrapper\">\n\t\t\t\t\t\t\t\t\t<span class=\"elementor-button-text\">&lt;&lt; MIA GLAMPING<\/span>\n\t\t\t\t\t<\/span>\n\t\t\t\t\t<\/a>\n\t\t\t\t<\/div>\n\t\t\t\t\t\t\t\t<\/div>\n\t\t\t\t<\/div>\n\t\t\t\t\t<\/div>\n\t\t<\/div>\n\t\t\t\t\t<\/div>\n\t\t<\/section>\n\t\t\t\t<section class=\"elementor-section elementor-top-section elementor-element elementor-element-76a661d elementor-section-boxed elementor-section-height-default elementor-section-height-default\" data-id=\"76a661d\" data-element_type=\"section\">\n\t\t\t\t\t\t<div class=\"elementor-container elementor-column-gap-default\">\n\t\t\t\t\t<div class=\"elementor-column elementor-col-100 elementor-top-column elementor-element elementor-element-affb38d\" data-id=\"affb38d\" data-element_type=\"column\">\n\t\t\t<div class=\"elementor-widget-wrap elementor-element-populated\">\n\t\t\t\t\t\t<div class=\"elementor-element elementor-element-17ef65e elementor-widget elementor-widget-heading\" data-id=\"17ef65e\" data-element_type=\"widget\" data-widget_type=\"heading.default\">\n\t\t\t\t<div class=\"elementor-widget-container\">\n\t\t\t\t\t<h2 class=\"elementor-heading-title elementor-size-default\"><a href=\"https:\/\/mia-kook.ps.me\/category\/india-kook\">VAJUTA SIIA, ET N\u00c4HA MEN\u00dc\u00dcD<\/a><\/h2>\t\t\t\t<\/div>\n\t\t\t\t<\/div>\n\t\t\t\t\t<\/div>\n\t\t<\/div>\n\t\t\t\t\t<\/div>\n\t\t<\/section>\n\t\t\t\t<\/div>","protected":false},"excerpt":{"rendered":"<p>India toidu men\u00fc\u00fc<\/p>","protected":false},"author":1,"featured_media":0,"parent":0,"menu_order":0,"comment_status":"closed","ping_status":"closed","template":"","meta":{"site-sidebar-layout":"no-sidebar","site-content-layout":"page-builder","ast-global-header-display":"","ast-main-header-display":"","ast-hfb-above-header-display":"","ast-hfb-below-header-display":"","ast-hfb-mobile-header-display":"","site-post-title":"disabled","ast-breadcrumbs-content":"","ast-featured-img":"disabled","footer-sml-layout":"","theme-transparent-header-meta":"default","adv-header-id-meta":"","stick-header-meta":"","header-above-stick-meta":"","header-main-stick-meta":"","header-below-stick-meta":"","footnotes":""},"class_list":["post-1447","page","type-page","status-publish","hentry"],"yoast_head":"<!-- This site is optimized with the Yoast SEO plugin v26.7 - https:\/\/yoast.com\/wordpress\/plugins\/seo\/ -->\n<title>Indian Food - Mia Glamping<\/title>\n<meta name=\"robots\" content=\"index, follow, max-snippet:-1, max-image-preview:large, max-video-preview:-1\" \/>\n<link rel=\"canonical\" href=\"https:\/\/miaglamping.com\/et\/indian\/\" \/>\n<meta property=\"og:locale\" content=\"et_EE\" \/>\n<meta property=\"og:type\" content=\"article\" \/>\n<meta property=\"og:title\" content=\"Indian Food - Mia Glamping\" \/>\n<meta property=\"og:description\" content=\"Indian Menu\" \/>\n<meta property=\"og:url\" content=\"https:\/\/miaglamping.com\/et\/indian\/\" \/>\n<meta property=\"og:site_name\" content=\"Mia Glamping\" \/>\n<meta property=\"article:publisher\" content=\"https:\/\/www.facebook.com\/profile.php?id=100090252984325\" \/>\n<meta property=\"article:modified_time\" content=\"2024-06-04T16:10:11+00:00\" \/>\n<meta name=\"twitter:card\" content=\"summary_large_image\" \/>\n<meta name=\"twitter:label1\" content=\"Est. reading time\" \/>\n\t<meta name=\"twitter:data1\" content=\"1 minut\" \/>\n<script type=\"application\/ld+json\" class=\"yoast-schema-graph\">{\"@context\":\"https:\/\/schema.org\",\"@graph\":[{\"@type\":\"WebPage\",\"@id\":\"https:\/\/miaglamping.com\/indian\/\",\"url\":\"https:\/\/miaglamping.com\/indian\/\",\"name\":\"Indian Food - Mia Glamping\",\"isPartOf\":{\"@id\":\"https:\/\/miaglamping.com\/#website\"},\"datePublished\":\"2023-02-12T07:17:12+00:00\",\"dateModified\":\"2024-06-04T16:10:11+00:00\",\"breadcrumb\":{\"@id\":\"https:\/\/miaglamping.com\/indian\/#breadcrumb\"},\"inLanguage\":\"et\",\"potentialAction\":[{\"@type\":\"ReadAction\",\"target\":[\"https:\/\/miaglamping.com\/indian\/\"]}]},{\"@type\":\"BreadcrumbList\",\"@id\":\"https:\/\/miaglamping.com\/indian\/#breadcrumb\",\"itemListElement\":[{\"@type\":\"ListItem\",\"position\":1,\"name\":\"Home\",\"item\":\"https:\/\/www.miaglamping.com\/\"},{\"@type\":\"ListItem\",\"position\":2,\"name\":\"Indian Food\"}]},{\"@type\":\"WebSite\",\"@id\":\"https:\/\/miaglamping.com\/#website\",\"url\":\"https:\/\/miaglamping.com\/\",\"name\":\"Mia Glamping\",\"description\":\"Glamping Resort in Orissaare, Saaremaa\",\"publisher\":{\"@id\":\"https:\/\/miaglamping.com\/#organization\"},\"potentialAction\":[{\"@type\":\"SearchAction\",\"target\":{\"@type\":\"EntryPoint\",\"urlTemplate\":\"https:\/\/miaglamping.com\/?s={search_term_string}\"},\"query-input\":{\"@type\":\"PropertyValueSpecification\",\"valueRequired\":true,\"valueName\":\"search_term_string\"}}],\"inLanguage\":\"et\"},{\"@type\":\"Organization\",\"@id\":\"https:\/\/miaglamping.com\/#organization\",\"name\":\"Mia Glamping\",\"url\":\"https:\/\/miaglamping.com\/\",\"logo\":{\"@type\":\"ImageObject\",\"inLanguage\":\"et\",\"@id\":\"https:\/\/miaglamping.com\/#\/schema\/logo\/image\/\",\"url\":\"https:\/\/miaglamping.com\/wp-content\/uploads\/2023\/02\/mia-glamping-logoSaaremaa-1.png\",\"contentUrl\":\"https:\/\/miaglamping.com\/wp-content\/uploads\/2023\/02\/mia-glamping-logoSaaremaa-1.png\",\"width\":1080,\"height\":1080,\"caption\":\"Mia Glamping\"},\"image\":{\"@id\":\"https:\/\/miaglamping.com\/#\/schema\/logo\/image\/\"},\"sameAs\":[\"https:\/\/www.facebook.com\/profile.php?id=100090252984325\",\"https:\/\/www.instagram.com\/miaglamping\/\"]}]}<\/script>\n<!-- \/ Yoast SEO plugin. -->","yoast_head_json":{"title":"Indian Food - Mia Glamping","robots":{"index":"index","follow":"follow","max-snippet":"max-snippet:-1","max-image-preview":"max-image-preview:large","max-video-preview":"max-video-preview:-1"},"canonical":"https:\/\/miaglamping.com\/et\/indian\/","og_locale":"et_EE","og_type":"article","og_title":"Indian Food - Mia Glamping","og_description":"Indian Menu","og_url":"https:\/\/miaglamping.com\/et\/indian\/","og_site_name":"Mia Glamping","article_publisher":"https:\/\/www.facebook.com\/profile.php?id=100090252984325","article_modified_time":"2024-06-04T16:10:11+00:00","twitter_card":"summary_large_image","twitter_misc":{"Est. reading time":"1 minut"},"schema":{"@context":"https:\/\/schema.org","@graph":[{"@type":"WebPage","@id":"https:\/\/miaglamping.com\/indian\/","url":"https:\/\/miaglamping.com\/indian\/","name":"Indian Food - Mia Glamping","isPartOf":{"@id":"https:\/\/miaglamping.com\/#website"},"datePublished":"2023-02-12T07:17:12+00:00","dateModified":"2024-06-04T16:10:11+00:00","breadcrumb":{"@id":"https:\/\/miaglamping.com\/indian\/#breadcrumb"},"inLanguage":"et","potentialAction":[{"@type":"ReadAction","target":["https:\/\/miaglamping.com\/indian\/"]}]},{"@type":"BreadcrumbList","@id":"https:\/\/miaglamping.com\/indian\/#breadcrumb","itemListElement":[{"@type":"ListItem","position":1,"name":"Home","item":"https:\/\/www.miaglamping.com\/"},{"@type":"ListItem","position":2,"name":"Indian Food"}]},{"@type":"WebSite","@id":"https:\/\/miaglamping.com\/#website","url":"https:\/\/miaglamping.com\/","name":"Mia Glamping","description":"Glamping Resort in Orissaare, Saaremaa","publisher":{"@id":"https:\/\/miaglamping.com\/#organization"},"potentialAction":[{"@type":"SearchAction","target":{"@type":"EntryPoint","urlTemplate":"https:\/\/miaglamping.com\/?s={search_term_string}"},"query-input":{"@type":"PropertyValueSpecification","valueRequired":true,"valueName":"search_term_string"}}],"inLanguage":"et"},{"@type":"Organization","@id":"https:\/\/miaglamping.com\/#organization","name":"Mia Glamping","url":"https:\/\/miaglamping.com\/","logo":{"@type":"ImageObject","inLanguage":"et","@id":"https:\/\/miaglamping.com\/#\/schema\/logo\/image\/","url":"https:\/\/miaglamping.com\/wp-content\/uploads\/2023\/02\/mia-glamping-logoSaaremaa-1.png","contentUrl":"https:\/\/miaglamping.com\/wp-content\/uploads\/2023\/02\/mia-glamping-logoSaaremaa-1.png","width":1080,"height":1080,"caption":"Mia Glamping"},"image":{"@id":"https:\/\/miaglamping.com\/#\/schema\/logo\/image\/"},"sameAs":["https:\/\/www.facebook.com\/profile.php?id=100090252984325","https:\/\/www.instagram.com\/miaglamping\/"]}]}},"_links":{"self":[{"href":"https:\/\/miaglamping.com\/et\/wp-json\/wp\/v2\/pages\/1447","targetHints":{"allow":["GET"]}}],"collection":[{"href":"https:\/\/miaglamping.com\/et\/wp-json\/wp\/v2\/pages"}],"about":[{"href":"https:\/\/miaglamping.com\/et\/wp-json\/wp\/v2\/types\/page"}],"author":[{"embeddable":true,"href":"https:\/\/miaglamping.com\/et\/wp-json\/wp\/v2\/users\/1"}],"replies":[{"embeddable":true,"href":"https:\/\/miaglamping.com\/et\/wp-json\/wp\/v2\/comments?post=1447"}],"version-history":[{"count":0,"href":"https:\/\/miaglamping.com\/et\/wp-json\/wp\/v2\/pages\/1447\/revisions"}],"wp:attachment":[{"href":"https:\/\/miaglamping.com\/et\/wp-json\/wp\/v2\/media?parent=1447"}],"curies":[{"name":"wp","href":"https:\/\/api.w.org\/{rel}","templated":true}]}}