{"id":1489,"date":"2023-02-12T08:00:52","date_gmt":"2023-02-12T08:00:52","guid":{"rendered":"https:\/\/miaglamping.com\/?page_id=1489"},"modified":"2023-02-15T13:00:13","modified_gmt":"2023-02-15T13:00:13","slug":"teine-kodu","status":"publish","type":"page","link":"https:\/\/miaglamping.com\/et\/teine-kodu\/","title":{"rendered":"Teine Kodu"},"content":{"rendered":"<div data-elementor-type=\"wp-page\" data-elementor-id=\"1489\" class=\"elementor elementor-1489\">\n\t\t\t\t\t\t<section class=\"elementor-section elementor-top-section elementor-element elementor-element-731f5d2 elementor-section-full_width elementor-section-height-default elementor-section-height-default\" data-id=\"731f5d2\" data-element_type=\"section\" data-settings=\"{&quot;background_background&quot;:&quot;classic&quot;}\">\n\t\t\t\t\t\t<div class=\"elementor-container elementor-column-gap-default\">\n\t\t\t\t\t<div class=\"elementor-column elementor-col-100 elementor-top-column elementor-element elementor-element-c451669\" data-id=\"c451669\" data-element_type=\"column\">\n\t\t\t<div class=\"elementor-widget-wrap elementor-element-populated\">\n\t\t\t\t\t\t<div class=\"elementor-element elementor-element-9c5278a elementor-widget elementor-widget-text-editor\" data-id=\"9c5278a\" data-element_type=\"widget\" data-widget_type=\"text-editor.default\">\n\t\t\t\t<div class=\"elementor-widget-container\">\n\t\t\t\t\t\t\t\t\t<p style=\"text-align: center;\">TEINE KODU BAAR<\/p>\t\t\t\t\t\t\t\t<\/div>\n\t\t\t\t<\/div>\n\t\t\t\t\t<\/div>\n\t\t<\/div>\n\t\t\t\t\t<\/div>\n\t\t<\/section>\n\t\t\t\t<section class=\"elementor-section elementor-top-section elementor-element elementor-element-1425bed elementor-section-boxed elementor-section-height-default elementor-section-height-default\" data-id=\"1425bed\" data-element_type=\"section\">\n\t\t\t\t\t\t<div class=\"elementor-container elementor-column-gap-default\">\n\t\t\t\t\t<div class=\"elementor-column elementor-col-100 elementor-top-column elementor-element elementor-element-e458b34\" data-id=\"e458b34\" data-element_type=\"column\">\n\t\t\t<div class=\"elementor-widget-wrap elementor-element-populated\">\n\t\t\t\t\t\t<div class=\"elementor-element elementor-element-14ef488 elementor-align-center elementor-hidden-tablet elementor-hidden-mobile elementor-widget elementor-widget-button\" data-id=\"14ef488\" data-element_type=\"widget\" data-widget_type=\"button.default\">\n\t\t\t\t<div class=\"elementor-widget-container\">\n\t\t\t\t\t\t\t\t\t<div class=\"elementor-button-wrapper\">\n\t\t\t\t\t<a class=\"elementor-button elementor-button-link elementor-size-sm\" href=\"https:\/\/miaglamping.com\/et\/\">\n\t\t\t\t\t\t<span class=\"elementor-button-content-wrapper\">\n\t\t\t\t\t\t\t\t\t<span class=\"elementor-button-text\">&lt;&lt; mia glamping<\/span>\n\t\t\t\t\t<\/span>\n\t\t\t\t\t<\/a>\n\t\t\t\t<\/div>\n\t\t\t\t\t\t\t\t<\/div>\n\t\t\t\t<\/div>\n\t\t\t\t\t<\/div>\n\t\t<\/div>\n\t\t\t\t\t<\/div>\n\t\t<\/section>\n\t\t\t\t<section class=\"elementor-section elementor-top-section elementor-element elementor-element-a4774d8 elementor-section-boxed elementor-section-height-default elementor-section-height-default\" data-id=\"a4774d8\" data-element_type=\"section\">\n\t\t\t\t\t\t<div class=\"elementor-container elementor-column-gap-default\">\n\t\t\t\t\t<div class=\"elementor-column elementor-col-100 elementor-top-column elementor-element elementor-element-0bfccc2\" data-id=\"0bfccc2\" data-element_type=\"column\">\n\t\t\t<div class=\"elementor-widget-wrap elementor-element-populated\">\n\t\t\t\t\t\t<div class=\"elementor-element elementor-element-731cc6f elementor-widget elementor-widget-heading\" data-id=\"731cc6f\" data-element_type=\"widget\" data-widget_type=\"heading.default\">\n\t\t\t\t<div class=\"elementor-widget-container\">\n\t\t\t\t\t<h3 class=\"elementor-heading-title elementor-size-default\"><strong>AVAME JUUNIS 2023<\/strong><br>\nK\u00e4sit\u00f6\u00f6joogid meeleolukateks koosviibimisteks<\/h3>\t\t\t\t<\/div>\n\t\t\t\t<\/div>\n\t\t\t\t<div class=\"elementor-element elementor-element-3f02590 elementor-widget elementor-widget-text-editor\" data-id=\"3f02590\" data-element_type=\"widget\" data-widget_type=\"text-editor.default\">\n\t\t\t\t<div class=\"elementor-widget-container\">\n\t\t\t\t\t\t\t\t\t<p>Mia Gl\u00e4mpingu baar Teine Kodu kannab oma eelk\u00e4ija nime. Teine Kodu oli Orissaare kohalik saun ja s\u00f6\u00f6gikoht. Loodetavasti Teine Kodu juunior toob elu majja tagasi ja j\u00e4tkab koos olemise kohana.<\/p>\t\t\t\t\t\t\t\t<\/div>\n\t\t\t\t<\/div>\n\t\t\t\t\t<\/div>\n\t\t<\/div>\n\t\t\t\t\t<\/div>\n\t\t<\/section>\n\t\t\t\t<\/div>","protected":false},"excerpt":{"rendered":"<p>TEINE KODU BAAR<\/p>","protected":false},"author":1,"featured_media":0,"parent":0,"menu_order":0,"comment_status":"closed","ping_status":"closed","template":"","meta":{"site-sidebar-layout":"no-sidebar","site-content-layout":"page-builder","ast-global-header-display":"","ast-main-header-display":"","ast-hfb-above-header-display":"","ast-hfb-below-header-display":"","ast-hfb-mobile-header-display":"","site-post-title":"disabled","ast-breadcrumbs-content":"","ast-featured-img":"disabled","footer-sml-layout":"","theme-transparent-header-meta":"","adv-header-id-meta":"","stick-header-meta":"","header-above-stick-meta":"","header-main-stick-meta":"","header-below-stick-meta":"","footnotes":""},"class_list":["post-1489","page","type-page","status-publish","hentry"],"yoast_head":"<!-- This site is optimized with the Yoast SEO plugin v26.7 - https:\/\/yoast.com\/wordpress\/plugins\/seo\/ -->\n<title>Teine Kodu - Mia Glamping<\/title>\n<meta name=\"robots\" content=\"index, follow, max-snippet:-1, max-image-preview:large, max-video-preview:-1\" \/>\n<link rel=\"canonical\" href=\"https:\/\/miaglamping.com\/et\/teine-kodu\/\" \/>\n<meta property=\"og:locale\" content=\"et_EE\" \/>\n<meta property=\"og:type\" content=\"article\" \/>\n<meta property=\"og:title\" content=\"Teine Kodu - Mia Glamping\" \/>\n<meta property=\"og:description\" content=\"TEINE KODU BAR\" \/>\n<meta property=\"og:url\" content=\"https:\/\/miaglamping.com\/et\/teine-kodu\/\" \/>\n<meta property=\"og:site_name\" content=\"Mia Glamping\" \/>\n<meta property=\"article:publisher\" content=\"https:\/\/www.facebook.com\/profile.php?id=100090252984325\" \/>\n<meta property=\"article:modified_time\" content=\"2023-02-15T13:00:13+00:00\" \/>\n<meta name=\"twitter:card\" content=\"summary_large_image\" \/>\n<script type=\"application\/ld+json\" class=\"yoast-schema-graph\">{\"@context\":\"https:\/\/schema.org\",\"@graph\":[{\"@type\":\"WebPage\",\"@id\":\"https:\/\/miaglamping.com\/teine-kodu\/\",\"url\":\"https:\/\/miaglamping.com\/teine-kodu\/\",\"name\":\"Teine Kodu - Mia Glamping\",\"isPartOf\":{\"@id\":\"https:\/\/miaglamping.com\/#website\"},\"datePublished\":\"2023-02-12T08:00:52+00:00\",\"dateModified\":\"2023-02-15T13:00:13+00:00\",\"breadcrumb\":{\"@id\":\"https:\/\/miaglamping.com\/teine-kodu\/#breadcrumb\"},\"inLanguage\":\"et\",\"potentialAction\":[{\"@type\":\"ReadAction\",\"target\":[\"https:\/\/miaglamping.com\/teine-kodu\/\"]}]},{\"@type\":\"BreadcrumbList\",\"@id\":\"https:\/\/miaglamping.com\/teine-kodu\/#breadcrumb\",\"itemListElement\":[{\"@type\":\"ListItem\",\"position\":1,\"name\":\"Home\",\"item\":\"https:\/\/www.miaglamping.com\/\"},{\"@type\":\"ListItem\",\"position\":2,\"name\":\"Teine Kodu\"}]},{\"@type\":\"WebSite\",\"@id\":\"https:\/\/miaglamping.com\/#website\",\"url\":\"https:\/\/miaglamping.com\/\",\"name\":\"Mia Glamping\",\"description\":\"Glamping Resort in Orissaare, Saaremaa\",\"publisher\":{\"@id\":\"https:\/\/miaglamping.com\/#organization\"},\"potentialAction\":[{\"@type\":\"SearchAction\",\"target\":{\"@type\":\"EntryPoint\",\"urlTemplate\":\"https:\/\/miaglamping.com\/?s={search_term_string}\"},\"query-input\":{\"@type\":\"PropertyValueSpecification\",\"valueRequired\":true,\"valueName\":\"search_term_string\"}}],\"inLanguage\":\"et\"},{\"@type\":\"Organization\",\"@id\":\"https:\/\/miaglamping.com\/#organization\",\"name\":\"Mia Glamping\",\"url\":\"https:\/\/miaglamping.com\/\",\"logo\":{\"@type\":\"ImageObject\",\"inLanguage\":\"et\",\"@id\":\"https:\/\/miaglamping.com\/#\/schema\/logo\/image\/\",\"url\":\"https:\/\/miaglamping.com\/wp-content\/uploads\/2023\/02\/mia-glamping-logoSaaremaa-1.png\",\"contentUrl\":\"https:\/\/miaglamping.com\/wp-content\/uploads\/2023\/02\/mia-glamping-logoSaaremaa-1.png\",\"width\":1080,\"height\":1080,\"caption\":\"Mia Glamping\"},\"image\":{\"@id\":\"https:\/\/miaglamping.com\/#\/schema\/logo\/image\/\"},\"sameAs\":[\"https:\/\/www.facebook.com\/profile.php?id=100090252984325\",\"https:\/\/www.instagram.com\/miaglamping\/\"]}]}<\/script>\n<!-- \/ Yoast SEO plugin. -->","yoast_head_json":{"title":"Teine Kodu - Mia Glamping","robots":{"index":"index","follow":"follow","max-snippet":"max-snippet:-1","max-image-preview":"max-image-preview:large","max-video-preview":"max-video-preview:-1"},"canonical":"https:\/\/miaglamping.com\/et\/teine-kodu\/","og_locale":"et_EE","og_type":"article","og_title":"Teine Kodu - Mia Glamping","og_description":"TEINE KODU BAR","og_url":"https:\/\/miaglamping.com\/et\/teine-kodu\/","og_site_name":"Mia Glamping","article_publisher":"https:\/\/www.facebook.com\/profile.php?id=100090252984325","article_modified_time":"2023-02-15T13:00:13+00:00","twitter_card":"summary_large_image","schema":{"@context":"https:\/\/schema.org","@graph":[{"@type":"WebPage","@id":"https:\/\/miaglamping.com\/teine-kodu\/","url":"https:\/\/miaglamping.com\/teine-kodu\/","name":"Teine Kodu - Mia Glamping","isPartOf":{"@id":"https:\/\/miaglamping.com\/#website"},"datePublished":"2023-02-12T08:00:52+00:00","dateModified":"2023-02-15T13:00:13+00:00","breadcrumb":{"@id":"https:\/\/miaglamping.com\/teine-kodu\/#breadcrumb"},"inLanguage":"et","potentialAction":[{"@type":"ReadAction","target":["https:\/\/miaglamping.com\/teine-kodu\/"]}]},{"@type":"BreadcrumbList","@id":"https:\/\/miaglamping.com\/teine-kodu\/#breadcrumb","itemListElement":[{"@type":"ListItem","position":1,"name":"Home","item":"https:\/\/www.miaglamping.com\/"},{"@type":"ListItem","position":2,"name":"Teine Kodu"}]},{"@type":"WebSite","@id":"https:\/\/miaglamping.com\/#website","url":"https:\/\/miaglamping.com\/","name":"Mia Glamping","description":"Glamping Resort in Orissaare, Saaremaa","publisher":{"@id":"https:\/\/miaglamping.com\/#organization"},"potentialAction":[{"@type":"SearchAction","target":{"@type":"EntryPoint","urlTemplate":"https:\/\/miaglamping.com\/?s={search_term_string}"},"query-input":{"@type":"PropertyValueSpecification","valueRequired":true,"valueName":"search_term_string"}}],"inLanguage":"et"},{"@type":"Organization","@id":"https:\/\/miaglamping.com\/#organization","name":"Mia Glamping","url":"https:\/\/miaglamping.com\/","logo":{"@type":"ImageObject","inLanguage":"et","@id":"https:\/\/miaglamping.com\/#\/schema\/logo\/image\/","url":"https:\/\/miaglamping.com\/wp-content\/uploads\/2023\/02\/mia-glamping-logoSaaremaa-1.png","contentUrl":"https:\/\/miaglamping.com\/wp-content\/uploads\/2023\/02\/mia-glamping-logoSaaremaa-1.png","width":1080,"height":1080,"caption":"Mia Glamping"},"image":{"@id":"https:\/\/miaglamping.com\/#\/schema\/logo\/image\/"},"sameAs":["https:\/\/www.facebook.com\/profile.php?id=100090252984325","https:\/\/www.instagram.com\/miaglamping\/"]}]}},"_links":{"self":[{"href":"https:\/\/miaglamping.com\/et\/wp-json\/wp\/v2\/pages\/1489","targetHints":{"allow":["GET"]}}],"collection":[{"href":"https:\/\/miaglamping.com\/et\/wp-json\/wp\/v2\/pages"}],"about":[{"href":"https:\/\/miaglamping.com\/et\/wp-json\/wp\/v2\/types\/page"}],"author":[{"embeddable":true,"href":"https:\/\/miaglamping.com\/et\/wp-json\/wp\/v2\/users\/1"}],"replies":[{"embeddable":true,"href":"https:\/\/miaglamping.com\/et\/wp-json\/wp\/v2\/comments?post=1489"}],"version-history":[{"count":0,"href":"https:\/\/miaglamping.com\/et\/wp-json\/wp\/v2\/pages\/1489\/revisions"}],"wp:attachment":[{"href":"https:\/\/miaglamping.com\/et\/wp-json\/wp\/v2\/media?parent=1489"}],"curies":[{"name":"wp","href":"https:\/\/api.w.org\/{rel}","templated":true}]}}