{"id":1524,"date":"2023-02-12T09:03:58","date_gmt":"2023-02-12T09:03:58","guid":{"rendered":"https:\/\/miaglamping.com\/?page_id=1524"},"modified":"2024-06-04T16:14:52","modified_gmt":"2024-06-04T16:14:52","slug":"drinks","status":"publish","type":"page","link":"https:\/\/miaglamping.com\/et\/drinks\/","title":{"rendered":"Joogid"},"content":{"rendered":"<div data-elementor-type=\"wp-page\" data-elementor-id=\"1524\" class=\"elementor elementor-1524\">\n\t\t\t\t\t\t<section class=\"elementor-section elementor-top-section elementor-element elementor-element-3a02146 elementor-section-full_width elementor-section-height-default elementor-section-height-default\" data-id=\"3a02146\" data-element_type=\"section\" data-settings=\"{&quot;background_background&quot;:&quot;classic&quot;}\">\n\t\t\t\t\t\t<div class=\"elementor-container elementor-column-gap-default\">\n\t\t\t\t\t<div class=\"elementor-column elementor-col-100 elementor-top-column elementor-element elementor-element-6118cb5\" data-id=\"6118cb5\" data-element_type=\"column\" data-settings=\"{&quot;background_background&quot;:&quot;slideshow&quot;,&quot;background_slideshow_gallery&quot;:[{&quot;id&quot;:2246,&quot;url&quot;:&quot;https:\\\/\\\/miaglamping.com\\\/wp-content\\\/uploads\\\/2023\\\/10\\\/DSC09233-scaled.jpg&quot;}],&quot;background_slideshow_loop&quot;:&quot;yes&quot;,&quot;background_slideshow_slide_duration&quot;:5000,&quot;background_slideshow_slide_transition&quot;:&quot;fade&quot;,&quot;background_slideshow_transition_duration&quot;:500}\">\n\t\t\t<div class=\"elementor-widget-wrap elementor-element-populated\">\n\t\t\t\t\t\t<div class=\"elementor-element elementor-element-89d9437 elementor-widget elementor-widget-text-editor\" data-id=\"89d9437\" data-element_type=\"widget\" data-widget_type=\"text-editor.default\">\n\t\t\t\t<div class=\"elementor-widget-container\">\n\t\t\t\t\t\t\t\t\t<p style=\"text-align: center;\">Joogid<\/p>\t\t\t\t\t\t\t\t<\/div>\n\t\t\t\t<\/div>\n\t\t\t\t\t<\/div>\n\t\t<\/div>\n\t\t\t\t\t<\/div>\n\t\t<\/section>\n\t\t\t\t<section class=\"elementor-section elementor-top-section elementor-element elementor-element-34182fc elementor-section-boxed elementor-section-height-default elementor-section-height-default\" data-id=\"34182fc\" data-element_type=\"section\">\n\t\t\t\t\t\t<div class=\"elementor-container elementor-column-gap-default\">\n\t\t\t\t\t<div class=\"elementor-column elementor-col-100 elementor-top-column elementor-element elementor-element-a553204\" data-id=\"a553204\" data-element_type=\"column\">\n\t\t\t<div class=\"elementor-widget-wrap elementor-element-populated\">\n\t\t\t\t\t\t<div class=\"elementor-element elementor-element-cfcc80f elementor-align-center elementor-hidden-tablet elementor-hidden-mobile elementor-widget elementor-widget-button\" data-id=\"cfcc80f\" data-element_type=\"widget\" data-widget_type=\"button.default\">\n\t\t\t\t<div class=\"elementor-widget-container\">\n\t\t\t\t\t\t\t\t\t<div class=\"elementor-button-wrapper\">\n\t\t\t\t\t<a class=\"elementor-button elementor-button-link elementor-size-sm\" href=\"https:\/\/miaglamping.com\/et\/\">\n\t\t\t\t\t\t<span class=\"elementor-button-content-wrapper\">\n\t\t\t\t\t\t\t\t\t<span class=\"elementor-button-text\">&lt;&lt; MIA GLAMPING<\/span>\n\t\t\t\t\t<\/span>\n\t\t\t\t\t<\/a>\n\t\t\t\t<\/div>\n\t\t\t\t\t\t\t\t<\/div>\n\t\t\t\t<\/div>\n\t\t\t\t\t<\/div>\n\t\t<\/div>\n\t\t\t\t\t<\/div>\n\t\t<\/section>\n\t\t\t\t<section class=\"elementor-section elementor-top-section elementor-element elementor-element-435fe45 elementor-section-boxed elementor-section-height-default elementor-section-height-default\" data-id=\"435fe45\" data-element_type=\"section\">\n\t\t\t\t\t\t<div class=\"elementor-container elementor-column-gap-default\">\n\t\t\t\t\t<div class=\"elementor-column elementor-col-100 elementor-top-column elementor-element elementor-element-47d3c45\" data-id=\"47d3c45\" data-element_type=\"column\">\n\t\t\t<div class=\"elementor-widget-wrap elementor-element-populated\">\n\t\t\t\t\t\t<div class=\"elementor-element elementor-element-445d4b8 elementor-widget elementor-widget-heading\" data-id=\"445d4b8\" data-element_type=\"widget\" data-widget_type=\"heading.default\">\n\t\t\t\t<div class=\"elementor-widget-container\">\n\t\t\t\t\t<h2 class=\"elementor-heading-title elementor-size-default\"><a href=\"https:\/\/mia-kook.ps.me\/category\/kulm-jook-cold-drink\">VAJUTA SIIA, ET N\u00c4HA MEN\u00dc\u00dcD<\/a><\/h2>\t\t\t\t<\/div>\n\t\t\t\t<\/div>\n\t\t\t\t\t<\/div>\n\t\t<\/div>\n\t\t\t\t\t<\/div>\n\t\t<\/section>\n\t\t\t\t<\/div>","protected":false},"excerpt":{"rendered":"<p>Joogid<\/p>","protected":false},"author":1,"featured_media":0,"parent":0,"menu_order":0,"comment_status":"closed","ping_status":"closed","template":"","meta":{"site-sidebar-layout":"no-sidebar","site-content-layout":"page-builder","ast-global-header-display":"","ast-main-header-display":"","ast-hfb-above-header-display":"","ast-hfb-below-header-display":"","ast-hfb-mobile-header-display":"","site-post-title":"disabled","ast-breadcrumbs-content":"","ast-featured-img":"disabled","footer-sml-layout":"","theme-transparent-header-meta":"default","adv-header-id-meta":"","stick-header-meta":"","header-above-stick-meta":"","header-main-stick-meta":"","header-below-stick-meta":"","footnotes":""},"class_list":["post-1524","page","type-page","status-publish","hentry"],"yoast_head":"<!-- This site is optimized with the Yoast SEO plugin v26.7 - https:\/\/yoast.com\/wordpress\/plugins\/seo\/ -->\n<title>Drinks Menu - Mia Glamping<\/title>\n<meta name=\"robots\" content=\"index, follow, max-snippet:-1, max-image-preview:large, max-video-preview:-1\" \/>\n<link rel=\"canonical\" href=\"https:\/\/www.miaglamping.com\/drinks\/\" \/>\n<meta property=\"og:locale\" content=\"et_EE\" \/>\n<meta property=\"og:type\" content=\"article\" \/>\n<meta property=\"og:title\" content=\"Drinks Menu - Mia Glamping\" \/>\n<meta property=\"og:description\" content=\"Drinks Menu\" \/>\n<meta property=\"og:url\" content=\"https:\/\/www.miaglamping.com\/drinks\/\" \/>\n<meta property=\"og:site_name\" content=\"Mia Glamping\" \/>\n<meta property=\"article:publisher\" content=\"https:\/\/www.facebook.com\/profile.php?id=100090252984325\" \/>\n<meta property=\"article:modified_time\" content=\"2024-06-04T16:14:52+00:00\" \/>\n<meta name=\"twitter:card\" content=\"summary_large_image\" \/>\n<meta name=\"twitter:label1\" content=\"Est. reading time\" \/>\n\t<meta name=\"twitter:data1\" content=\"1 minut\" \/>\n<script type=\"application\/ld+json\" class=\"yoast-schema-graph\">{\"@context\":\"https:\/\/schema.org\",\"@graph\":[{\"@type\":\"WebPage\",\"@id\":\"https:\/\/www.miaglamping.com\/drinks\/\",\"url\":\"https:\/\/www.miaglamping.com\/drinks\/\",\"name\":\"Drinks Menu - Mia Glamping\",\"isPartOf\":{\"@id\":\"https:\/\/www.miaglamping.com\/et\/#website\"},\"datePublished\":\"2023-02-12T09:03:58+00:00\",\"dateModified\":\"2024-06-04T16:14:52+00:00\",\"breadcrumb\":{\"@id\":\"https:\/\/www.miaglamping.com\/drinks\/#breadcrumb\"},\"inLanguage\":\"et\",\"potentialAction\":[{\"@type\":\"ReadAction\",\"target\":[\"https:\/\/www.miaglamping.com\/drinks\/\"]}]},{\"@type\":\"BreadcrumbList\",\"@id\":\"https:\/\/www.miaglamping.com\/drinks\/#breadcrumb\",\"itemListElement\":[{\"@type\":\"ListItem\",\"position\":1,\"name\":\"Home\",\"item\":\"https:\/\/www.miaglamping.com\/et\/\"},{\"@type\":\"ListItem\",\"position\":2,\"name\":\"Drinks Menu\"}]},{\"@type\":\"WebSite\",\"@id\":\"https:\/\/www.miaglamping.com\/et\/#website\",\"url\":\"https:\/\/www.miaglamping.com\/et\/\",\"name\":\"Mia Glamping\",\"description\":\"Glamping Resort in Orissaare, Saaremaa\",\"publisher\":{\"@id\":\"https:\/\/www.miaglamping.com\/et\/#organization\"},\"potentialAction\":[{\"@type\":\"SearchAction\",\"target\":{\"@type\":\"EntryPoint\",\"urlTemplate\":\"https:\/\/www.miaglamping.com\/et\/?s={search_term_string}\"},\"query-input\":{\"@type\":\"PropertyValueSpecification\",\"valueRequired\":true,\"valueName\":\"search_term_string\"}}],\"inLanguage\":\"et\"},{\"@type\":\"Organization\",\"@id\":\"https:\/\/www.miaglamping.com\/et\/#organization\",\"name\":\"Mia Glamping\",\"url\":\"https:\/\/www.miaglamping.com\/et\/\",\"logo\":{\"@type\":\"ImageObject\",\"inLanguage\":\"et\",\"@id\":\"https:\/\/www.miaglamping.com\/et\/#\/schema\/logo\/image\/\",\"url\":\"https:\/\/miaglamping.com\/wp-content\/uploads\/2023\/02\/mia-glamping-logoSaaremaa-1.png\",\"contentUrl\":\"https:\/\/miaglamping.com\/wp-content\/uploads\/2023\/02\/mia-glamping-logoSaaremaa-1.png\",\"width\":1080,\"height\":1080,\"caption\":\"Mia Glamping\"},\"image\":{\"@id\":\"https:\/\/www.miaglamping.com\/et\/#\/schema\/logo\/image\/\"},\"sameAs\":[\"https:\/\/www.facebook.com\/profile.php?id=100090252984325\",\"https:\/\/www.instagram.com\/miaglamping\/\"]}]}<\/script>\n<!-- \/ Yoast SEO plugin. -->","yoast_head_json":{"title":"Drinks Menu - Mia Glamping","robots":{"index":"index","follow":"follow","max-snippet":"max-snippet:-1","max-image-preview":"max-image-preview:large","max-video-preview":"max-video-preview:-1"},"canonical":"https:\/\/www.miaglamping.com\/drinks\/","og_locale":"et_EE","og_type":"article","og_title":"Drinks Menu - Mia Glamping","og_description":"Drinks Menu","og_url":"https:\/\/www.miaglamping.com\/drinks\/","og_site_name":"Mia Glamping","article_publisher":"https:\/\/www.facebook.com\/profile.php?id=100090252984325","article_modified_time":"2024-06-04T16:14:52+00:00","twitter_card":"summary_large_image","twitter_misc":{"Est. reading time":"1 minut"},"schema":{"@context":"https:\/\/schema.org","@graph":[{"@type":"WebPage","@id":"https:\/\/www.miaglamping.com\/drinks\/","url":"https:\/\/www.miaglamping.com\/drinks\/","name":"Drinks Menu - Mia Glamping","isPartOf":{"@id":"https:\/\/www.miaglamping.com\/et\/#website"},"datePublished":"2023-02-12T09:03:58+00:00","dateModified":"2024-06-04T16:14:52+00:00","breadcrumb":{"@id":"https:\/\/www.miaglamping.com\/drinks\/#breadcrumb"},"inLanguage":"et","potentialAction":[{"@type":"ReadAction","target":["https:\/\/www.miaglamping.com\/drinks\/"]}]},{"@type":"BreadcrumbList","@id":"https:\/\/www.miaglamping.com\/drinks\/#breadcrumb","itemListElement":[{"@type":"ListItem","position":1,"name":"Home","item":"https:\/\/www.miaglamping.com\/et\/"},{"@type":"ListItem","position":2,"name":"Drinks Menu"}]},{"@type":"WebSite","@id":"https:\/\/www.miaglamping.com\/et\/#website","url":"https:\/\/www.miaglamping.com\/et\/","name":"Mia Glamping","description":"Glamping Resort in Orissaare, Saaremaa","publisher":{"@id":"https:\/\/www.miaglamping.com\/et\/#organization"},"potentialAction":[{"@type":"SearchAction","target":{"@type":"EntryPoint","urlTemplate":"https:\/\/www.miaglamping.com\/et\/?s={search_term_string}"},"query-input":{"@type":"PropertyValueSpecification","valueRequired":true,"valueName":"search_term_string"}}],"inLanguage":"et"},{"@type":"Organization","@id":"https:\/\/www.miaglamping.com\/et\/#organization","name":"Mia Glamping","url":"https:\/\/www.miaglamping.com\/et\/","logo":{"@type":"ImageObject","inLanguage":"et","@id":"https:\/\/www.miaglamping.com\/et\/#\/schema\/logo\/image\/","url":"https:\/\/miaglamping.com\/wp-content\/uploads\/2023\/02\/mia-glamping-logoSaaremaa-1.png","contentUrl":"https:\/\/miaglamping.com\/wp-content\/uploads\/2023\/02\/mia-glamping-logoSaaremaa-1.png","width":1080,"height":1080,"caption":"Mia Glamping"},"image":{"@id":"https:\/\/www.miaglamping.com\/et\/#\/schema\/logo\/image\/"},"sameAs":["https:\/\/www.facebook.com\/profile.php?id=100090252984325","https:\/\/www.instagram.com\/miaglamping\/"]}]}},"_links":{"self":[{"href":"https:\/\/miaglamping.com\/et\/wp-json\/wp\/v2\/pages\/1524","targetHints":{"allow":["GET"]}}],"collection":[{"href":"https:\/\/miaglamping.com\/et\/wp-json\/wp\/v2\/pages"}],"about":[{"href":"https:\/\/miaglamping.com\/et\/wp-json\/wp\/v2\/types\/page"}],"author":[{"embeddable":true,"href":"https:\/\/miaglamping.com\/et\/wp-json\/wp\/v2\/users\/1"}],"replies":[{"embeddable":true,"href":"https:\/\/miaglamping.com\/et\/wp-json\/wp\/v2\/comments?post=1524"}],"version-history":[{"count":0,"href":"https:\/\/miaglamping.com\/et\/wp-json\/wp\/v2\/pages\/1524\/revisions"}],"wp:attachment":[{"href":"https:\/\/miaglamping.com\/et\/wp-json\/wp\/v2\/media?parent=1524"}],"curies":[{"name":"wp","href":"https:\/\/api.w.org\/{rel}","templated":true}]}}